{"id":15,"date":"2025-02-15T17:07:51","date_gmt":"2025-02-15T17:07:51","guid":{"rendered":"https:\/\/educindustrie.com\/?page_id=15"},"modified":"2025-05-03T01:01:47","modified_gmt":"2025-05-03T01:01:47","slug":"home","status":"publish","type":"page","link":"https:\/\/educindustrie.com\/fr\/","title":{"rendered":"Home"},"content":{"rendered":"<p>[et_pb_section fb_built=&#8221;1&#8243; _builder_version=&#8221;4.27.4&#8243; _module_preset=&#8221;default&#8221; use_background_color_gradient=&#8221;on&#8221; background_color_gradient_direction=&#8221;157deg&#8221; background_color_gradient_stops=&#8221;#0d1356 44%|rgba(41,196,169,0) 99%&#8221; global_colors_info=&#8221;{}&#8221;][et_pb_row column_structure=&#8221;3_5,2_5&#8243; _builder_version=&#8221;4.27.4&#8243; _module_preset=&#8221;default&#8221; global_colors_info=&#8221;{}&#8221;][et_pb_column type=&#8221;3_5&#8243; _builder_version=&#8221;4.27.4&#8243; _module_preset=&#8221;default&#8221; global_colors_info=&#8221;{}&#8221;][et_pb_text _builder_version=&#8221;4.27.4&#8243; _module_preset=&#8221;default&#8221; header_font=&#8221;Nunito Sans|800|||||||&#8221; header_font_size=&#8221;50px&#8221; header_4_font=&#8221;Nunito Sans||||||||&#8221; header_4_text_color=&#8221;#89ceff&#8221; background_layout=&#8221;dark&#8221; custom_padding=&#8221;65px||||false|false&#8221; global_colors_info=&#8221;{}&#8221;]<\/p>\n<h4>Initiative<\/h4>\n<h1>Educ Industrie<\/h1>\n<h3><span>Partenariat p\u00e9dagogique: Renforcer les liens.<\/span><\/h3>\n<p><span>\u00c9duc-Industrie est une initiative qui connecte le monde acad\u00e9mique et le milieu professionnel \u00e0 travers des exp\u00e9riences d&#8217;apprentissage immersives. En int\u00e9grant des d\u00e9fis concrets, des collaborations interdisciplinaires et des outils technologiques avanc\u00e9s, nous favorisons une approche dynamique o\u00f9 les \u00e9tudiants, les enseignants et les entreprises co-cr\u00e9ent l\u2019avenir des comp\u00e9tences et de l\u2019innovation.<\/span><\/p>\n<p>&nbsp;<\/p>\n<p>[\/et_pb_text][\/et_pb_column][et_pb_column type=&#8221;2_5&#8243; _builder_version=&#8221;4.27.4&#8243; _module_preset=&#8221;default&#8221; global_colors_info=&#8221;{}&#8221;][et_pb_text _builder_version=&#8221;4.27.4&#8243; _module_preset=&#8221;e6504a1b-67eb-4b3d-b023-bcab277610b6&#8243; header_4_font=&#8221;Nunito Sans|900||on|||||&#8221; header_4_text_color=&#8221;gcid-6d7bd22a-fb70-4813-a84e-455e41a87331&#8243; header_4_font_size=&#8221;14px&#8221; header_4_letter_spacing=&#8221;0.1em&#8221; header_4_line_height=&#8221;1.2em&#8221; custom_margin=&#8221;||0px||false|false&#8221; global_colors_info=&#8221;{%22gcid-6d7bd22a-fb70-4813-a84e-455e41a87331%22:%91%22header_4_text_color%22%93}&#8221;]<\/p>\n<h4>Latest Projects<\/h4>\n<p>[\/et_pb_text][et_pb_slider show_pagination=&#8221;off&#8221; _builder_version=&#8221;4.27.4&#8243; _module_preset=&#8221;default&#8221; custom_button=&#8221;on&#8221; button_text_size=&#8221;14px&#8221; button_bg_color=&#8221;gcid-e850ad88-05af-4ed0-bc88-7082de258f33&#8243; button_border_width=&#8221;3px&#8221; button_border_color=&#8221;RGBA(255,255,255,0)&#8221; button_border_radius=&#8221;27px&#8221; button_icon=&#8221;&#xf2b5;||fa||400&#8243; button_icon_color=&#8221;gcid-1a99ec8a-6212-4403-98b3-a3da5117e3eb&#8221; button_on_hover=&#8221;off&#8221; custom_padding=&#8221;||0px|||&#8221; link_option_url=&#8221;https:\/\/educindustrie.com\/project\/enginuity\/&#8221; hover_enabled=&#8221;0&#8243; border_radii=&#8221;on|25px|25px|25px|25px&#8221; global_colors_info=&#8221;{%22gcid-1a99ec8a-6212-4403-98b3-a3da5117e3eb%22:%91%22button_icon_color%22%93,%22gcid-e850ad88-05af-4ed0-bc88-7082de258f33%22:%91%22button_bg_color%22%93}&#8221; sticky_enabled=&#8221;0&#8243;][et_pb_slide button_link=&#8221;https:\/\/educindustrie.com\/project\/enginuity\/&#8221; image=&#8221;https:\/\/educindustrie.com\/wp-content\/uploads\/2025\/02\/ENGINUITY-Program-Booklet-2.png&#8221; _builder_version=&#8221;4.27.4&#8243; _module_preset=&#8221;default&#8221; link_option_url=&#8221;https:\/\/educindustrie.com\/project\/enginuity\/&#8221; hover_enabled=&#8221;0&#8243; global_colors_info=&#8221;{}&#8221; sticky_transition=&#8221;on&#8221; title_text=&#8221;ENGINUITY &#8211; Program Booklet&#8221; sticky_enabled=&#8221;0&#8243;][\/et_pb_slide][et_pb_slide image=&#8221;https:\/\/educindustrie.com\/wp-content\/uploads\/2025\/04\/2Minute-Thesis-1.png&#8221; _builder_version=&#8221;4.27.4&#8243; _module_preset=&#8221;default&#8221; link_option_url=&#8221;https:\/\/educindustrie.com\/project\/2-minute-thesis-competition\/&#8221; global_colors_info=&#8221;{}&#8221; sticky_transition=&#8221;on&#8221;][\/et_pb_slide][\/et_pb_slider][\/et_pb_column][\/et_pb_row][\/et_pb_section][et_pb_section fb_built=&#8221;1&#8243; admin_label=&#8221;Features&#8221; _builder_version=&#8221;4.18.0&#8243; _module_preset=&#8221;default&#8221; locked=&#8221;off&#8221; collapsed=&#8221;on&#8221; global_colors_info=&#8221;{}&#8221;][et_pb_row column_structure=&#8221;1_2,1_2&#8243; _builder_version=&#8221;4.18.0&#8243; _module_preset=&#8221;default&#8221; global_colors_info=&#8221;{}&#8221;][et_pb_column type=&#8221;1_2&#8243; _builder_version=&#8221;4.18.0&#8243; _module_preset=&#8221;default&#8221; custom_padding_tablet=&#8221;||30px||false|false&#8221; custom_padding_phone=&#8221;||30px||false|false&#8221; custom_padding_last_edited=&#8221;on|tablet&#8221; global_colors_info=&#8221;{}&#8221;][et_pb_text _builder_version=&#8221;4.27.4&#8243; _module_preset=&#8221;e6504a1b-67eb-4b3d-b023-bcab277610b6&#8243; header_4_font=&#8221;Nunito Sans|900||on|||||&#8221; header_4_text_color=&#8221;gcid-6d7bd22a-fb70-4813-a84e-455e41a87331&#8243; header_4_font_size=&#8221;14px&#8221; header_4_letter_spacing=&#8221;0.1em&#8221; header_4_line_height=&#8221;1.2em&#8221; custom_margin=&#8221;||0px||false|false&#8221; global_colors_info=&#8221;{%22gcid-6d7bd22a-fb70-4813-a84e-455e41a87331%22:%91%22header_4_text_color%22%93}&#8221;]<\/p>\n<h4>A Propos<\/h4>\n<p>[\/et_pb_text][et_pb_text _builder_version=&#8221;4.27.4&#8243; _module_preset=&#8221;b327cbe4-b1d5-4b66-ad37-40c8f2f061ba&#8221; header_2_font=&#8221;Nunito Sans|900|||||||&#8221; header_2_font_size=&#8221;36px&#8221; header_2_line_height=&#8221;1.2em&#8221; header_2_font_size_tablet=&#8221;32px&#8221; header_2_font_size_phone=&#8221;20px&#8221; header_2_font_size_last_edited=&#8221;on|desktop&#8221; global_colors_info=&#8221;{}&#8221;]<\/p>\n<h2>L&#8217;Innovation au C\u0153ur de l&#8217;\u00c9ducation et de l&#8217;Industrie<\/h2>\n<p>[\/et_pb_text][et_pb_text _builder_version=&#8221;4.27.4&#8243; _module_preset=&#8221;1f09816e-184e-4ce5-a4cf-b39c52c423ca&#8221; text_font=&#8221;PT Sans||||||||&#8221; text_font_size=&#8221;16px&#8221; text_line_height=&#8221;1.4em&#8221; custom_margin=&#8221;||||false|false&#8221; custom_margin_tablet=&#8221;|||0px|false|false&#8221; custom_margin_phone=&#8221;|||0px|false|false&#8221; custom_margin_last_edited=&#8221;on|tablet&#8221; text_font_size_tablet=&#8221;15px&#8221; text_font_size_phone=&#8221;14px&#8221; text_font_size_last_edited=&#8221;on|phone&#8221; header_font_size_tablet=&#8221;55px&#8221; header_font_size_last_edited=&#8221;off|desktop&#8221; global_colors_info=&#8221;{}&#8221;]<\/p>\n<p>Nous concevons des <strong data-start=\"111\" data-end=\"152\">projets d\u2019apprentissage exp\u00e9rientiels<\/strong> qui permettent aux \u00e9tudiants d\u2019acqu\u00e9rir des <strong data-start=\"197\" data-end=\"309\">comp\u00e9tences professionnelles, des opportunit\u00e9s d\u2019employabilit\u00e9 et une exp\u00e9rience collaborative enrichissante<\/strong>. \u00c0 travers des d\u00e9fis concrets, ils d\u00e9veloppent leur autonomie, leur confiance et tissent des liens avec le monde professionnel.<\/p>\n<p>[\/et_pb_text][et_pb_divider color=&#8221;gcid-e850ad88-05af-4ed0-bc88-7082de258f33&#8243; divider_weight=&#8221;4px&#8221; _builder_version=&#8221;4.18.0&#8243; _module_preset=&#8221;default&#8221; width=&#8221;100px&#8221; locked=&#8221;off&#8221; global_colors_info=&#8221;{%22gcid-e850ad88-05af-4ed0-bc88-7082de258f33%22:%91%22color%22%93}&#8221;][\/et_pb_divider][et_pb_button button_text=&#8221;En Savoir Plus&#8221; disabled_on=&#8221;on|on|on&#8221; _builder_version=&#8221;4.27.4&#8243; _module_preset=&#8221;31b4f027-aaa0-4f2f-ae02-959764e19e4f&#8221; custom_button=&#8221;on&#8221; button_text_size=&#8221;14px&#8221; button_text_color=&#8221;#292466&#8243; button_bg_color=&#8221;#ffcc3b&#8221; button_border_width=&#8221;0px&#8221; button_border_radius=&#8221;0px&#8221; button_font=&#8221;Nunito Sans|900||on|||||&#8221; custom_margin=&#8221;|||60px|false|false&#8221; custom_margin_tablet=&#8221;|||0px|false|false&#8221; custom_margin_phone=&#8221;|||0px|false|false&#8221; custom_margin_last_edited=&#8221;on|tablet&#8221; custom_padding=&#8221;16px|32px|16px|32px|true|true&#8221; disabled=&#8221;on&#8221; global_colors_info=&#8221;{}&#8221;][\/et_pb_button][\/et_pb_column][et_pb_column type=&#8221;1_2&#8243; _builder_version=&#8221;4.18.0&#8243; _module_preset=&#8221;default&#8221; global_colors_info=&#8221;{}&#8221;][et_pb_blurb title=&#8221;Interaction de niveau micro&#8221; image=&#8221;https:\/\/educindustrie.com\/wp-content\/uploads\/2025\/02\/chat-bubble.png&#8221; icon_placement=&#8221;left&#8221; image_icon_width=&#8221;64px&#8221; content_max_width=&#8221;100%&#8221; _builder_version=&#8221;4.27.4&#8243; _module_preset=&#8221;b62950b2-9f88-417a-a624-825d61ec2a3d&#8221; header_font=&#8221;Nunito Sans|900|||||||&#8221; header_line_height=&#8221;1.2em&#8221; body_font=&#8221;PT Sans||||||||&#8221; body_line_height=&#8221;1.4em&#8221; custom_margin=&#8221;||20px||false|false&#8221; animation=&#8221;off&#8221; locked=&#8221;off&#8221; global_colors_info=&#8221;{}&#8221;]<\/p>\n<p>Les petites interactions influencent grandement l\u2019apprentissage et l\u2019engagement des \u00e9tudiants.<\/p>\n<p>[\/et_pb_blurb][et_pb_blurb title=&#8221;Libert\u00e9 d&#8217;exploration&#8221; image=&#8221;https:\/\/educindustrie.com\/wp-content\/uploads\/2025\/02\/compass.png&#8221; icon_placement=&#8221;left&#8221; image_icon_width=&#8221;64px&#8221; content_max_width=&#8221;100%&#8221; _builder_version=&#8221;4.27.4&#8243; _module_preset=&#8221;b62950b2-9f88-417a-a624-825d61ec2a3d&#8221; header_font=&#8221;Nunito Sans|900|||||||&#8221; header_line_height=&#8221;1.2em&#8221; body_font=&#8221;PT Sans||||||||&#8221; body_line_height=&#8221;1.4em&#8221; custom_margin=&#8221;||19px||false|false&#8221; animation=&#8221;off&#8221; locked=&#8221;off&#8221; global_colors_info=&#8221;{}&#8221;]<\/p>\n<p>Laisser les \u00e9tudiants <strong>explorer librement<\/strong> stimule leur <strong>cr\u00e9ativit\u00e9<\/strong> et renforce leur<strong> autonomie<\/strong>.<\/p>\n<p>[\/et_pb_blurb][et_pb_blurb title=&#8221;Occasions d&#8217;apprentissage et de ma\u00eetrise des connaissances&#8221; image=&#8221;https:\/\/educindustrie.com\/wp-content\/uploads\/2025\/02\/lightbulb.png&#8221; icon_placement=&#8221;left&#8221; image_icon_width=&#8221;64px&#8221; content_max_width=&#8221;100%&#8221; _builder_version=&#8221;4.27.4&#8243; _module_preset=&#8221;b62950b2-9f88-417a-a624-825d61ec2a3d&#8221; header_font=&#8221;Nunito Sans|900|||||||&#8221; header_line_height=&#8221;1.2em&#8221; body_font=&#8221;PT Sans||||||||&#8221; body_line_height=&#8221;1.4em&#8221; custom_margin=&#8221;||24px|||&#8221; animation=&#8221;off&#8221; locked=&#8221;off&#8221; global_colors_info=&#8221;{}&#8221;]<\/p>\n<p>L\u2019apprentissage actif permet aux \u00e9tudiants de <strong>mieux comprendre<\/strong>, pratiquer et <strong>ma\u00eetriser<\/strong> leurs comp\u00e9tences<\/p>\n<p>[\/et_pb_blurb][et_pb_blurb title=&#8221;La n\u00e9gociation comme forme d&#8217;apprentissage actif&#8221; image=&#8221;https:\/\/educindustrie.com\/wp-content\/uploads\/2025\/02\/deal.png&#8221; icon_placement=&#8221;left&#8221; image_icon_width=&#8221;64px&#8221; content_max_width=&#8221;100%&#8221; _builder_version=&#8221;4.27.4&#8243; _module_preset=&#8221;b62950b2-9f88-417a-a624-825d61ec2a3d&#8221; header_font=&#8221;Nunito Sans|900|||||||&#8221; header_line_height=&#8221;1.2em&#8221; body_font=&#8221;PT Sans||||||||&#8221; body_line_height=&#8221;1.4em&#8221; animation=&#8221;off&#8221; locked=&#8221;off&#8221; global_colors_info=&#8221;{}&#8221;]<\/p>\n<p>N\u00e9gocier, c\u2019est <strong>apprendre \u00e0 \u00e9couter, argumenter et collaborer<\/strong> pour trouver des solutions.<\/p>\n<p>[\/et_pb_blurb][\/et_pb_column][\/et_pb_row][et_pb_row column_structure=&#8221;1_3,2_3&#8243; _builder_version=&#8221;4.27.4&#8243; _module_preset=&#8221;default&#8221; global_colors_info=&#8221;{}&#8221;][et_pb_column type=&#8221;1_3&#8243; _builder_version=&#8221;4.27.4&#8243; _module_preset=&#8221;default&#8221; global_colors_info=&#8221;{}&#8221;][et_pb_text _builder_version=&#8221;4.27.4&#8243; _module_preset=&#8221;1f09816e-184e-4ce5-a4cf-b39c52c423ca&#8221; text_font=&#8221;PT Sans||||||||&#8221; text_font_size=&#8221;16px&#8221; text_line_height=&#8221;1.4em&#8221; custom_margin=&#8221;||||false|false&#8221; custom_margin_tablet=&#8221;|||0px|false|false&#8221; custom_margin_phone=&#8221;|||0px|false|false&#8221; custom_margin_last_edited=&#8221;on|tablet&#8221; text_font_size_tablet=&#8221;15px&#8221; text_font_size_phone=&#8221;14px&#8221; text_font_size_last_edited=&#8221;on|phone&#8221; header_font_size_tablet=&#8221;55px&#8221; header_font_size_last_edited=&#8221;off|desktop&#8221; global_colors_info=&#8221;{}&#8221;]<\/p>\n<p data-start=\"44\" data-end=\"250\">UNESCO showcased this video illustrating the purpose of education and how engagement, <strong>support from the faculty<\/strong>, and guidance help students thrive in creating new innovations that are <strong>close to their hearts<\/strong>.<\/p>\n<p data-start=\"252\" data-end=\"386\">With the same mindset, we encourage students to discover their passion, alongside mentors who are experts in their respective fields.<\/p>\n<p data-start=\"252\" data-end=\"386\">&#8212;<\/p>\n<p data-start=\"48\" data-end=\"279\">L&#8217;UNESCO a pr\u00e9sent\u00e9 cette vid\u00e9o illustrant le but de l&#8217;\u00e9ducation et comment l&#8217;engagement, le <strong>soutien des enseignants<\/strong> et l&#8217;accompagnement aident les \u00e9tudiants \u00e0 prosp\u00e9rer en cr\u00e9ant de <strong>nouvelles innovations qui leur tiennent \u00e0 c\u0153ur<\/strong>.<\/p>\n<p data-start=\"281\" data-end=\"421\">Dans le m\u00eame esprit, nous encourageons les \u00e9tudiants \u00e0 d\u00e9couvrir leur passion, aux c\u00f4t\u00e9s de mentors experts dans leurs domaines respectifs.<\/p>\n<p>[\/et_pb_text][\/et_pb_column][et_pb_column type=&#8221;2_3&#8243; _builder_version=&#8221;4.27.4&#8243; _module_preset=&#8221;default&#8221; global_colors_info=&#8221;{}&#8221;][et_pb_video src=&#8221;https:\/\/youtu.be\/KtJIKZfKqDg&#8221; _builder_version=&#8221;4.27.4&#8243; _module_preset=&#8221;default&#8221; border_radii=&#8221;on|25px|25px|25px|25px&#8221; global_colors_info=&#8221;{}&#8221;][\/et_pb_video][\/et_pb_column][\/et_pb_row][et_pb_row _builder_version=&#8221;4.18.0&#8243; _module_preset=&#8221;default&#8221; global_colors_info=&#8221;{}&#8221;][et_pb_column type=&#8221;4_4&#8243; _builder_version=&#8221;4.18.0&#8243; _module_preset=&#8221;default&#8221; global_colors_info=&#8221;{}&#8221;][et_pb_text _builder_version=&#8221;4.27.4&#8243; _module_preset=&#8221;e6504a1b-67eb-4b3d-b023-bcab277610b6&#8243; header_4_font=&#8221;Nunito Sans|900||on|||||&#8221; header_4_text_color=&#8221;gcid-6d7bd22a-fb70-4813-a84e-455e41a87331&#8243; header_4_font_size=&#8221;14px&#8221; header_4_letter_spacing=&#8221;0.1em&#8221; header_4_line_height=&#8221;1.2em&#8221; text_orientation=&#8221;center&#8221; custom_margin=&#8221;||0px||false|false&#8221; global_colors_info=&#8221;{%22gcid-6d7bd22a-fb70-4813-a84e-455e41a87331%22:%91%22header_4_text_color%22%93}&#8221;]<\/p>\n<h4>Projets en cours<\/h4>\n<p>[\/et_pb_text][et_pb_text _builder_version=&#8221;4.27.4&#8243; _module_preset=&#8221;b327cbe4-b1d5-4b66-ad37-40c8f2f061ba&#8221; header_2_font=&#8221;Nunito Sans|900|||||||&#8221; header_2_font_size=&#8221;48px&#8221; header_2_line_height=&#8221;1.2em&#8221; text_orientation=&#8221;center&#8221; header_2_font_size_tablet=&#8221;32px&#8221; header_2_font_size_phone=&#8221;20px&#8221; header_2_font_size_last_edited=&#8221;on|desktop&#8221; global_colors_info=&#8221;{}&#8221;]<\/p>\n<h2>Active Challenges Driving New Ideas<\/h2>\n<p>[\/et_pb_text][et_pb_divider color=&#8221;gcid-e850ad88-05af-4ed0-bc88-7082de258f33&#8243; divider_weight=&#8221;4px&#8221; _builder_version=&#8221;4.18.0&#8243; _module_preset=&#8221;default&#8221; width=&#8221;100px&#8221; module_alignment=&#8221;center&#8221; global_colors_info=&#8221;{%22gcid-e850ad88-05af-4ed0-bc88-7082de258f33%22:%91%22color%22%93}&#8221;][\/et_pb_divider][et_pb_text _builder_version=&#8221;4.27.4&#8243; _module_preset=&#8221;1f09816e-184e-4ce5-a4cf-b39c52c423ca&#8221; text_font=&#8221;PT Sans||||||||&#8221; text_font_size=&#8221;16px&#8221; text_line_height=&#8221;1.4em&#8221; text_orientation=&#8221;center&#8221; max_width=&#8221;700px&#8221; module_alignment=&#8221;center&#8221; text_font_size_tablet=&#8221;15px&#8221; text_font_size_phone=&#8221;14px&#8221; text_font_size_last_edited=&#8221;on|phone&#8221; header_font_size_tablet=&#8221;55px&#8221; header_font_size_last_edited=&#8221;off|desktop&#8221; global_colors_info=&#8221;{}&#8221;]<\/p>\n<p>Our ongoing projects bridge education and industry, giving students hands-on experience to develop real-world solutions. From engineering and business collaborations to entrepreneurial challenges, each initiative fosters innovation, teamwork, and employability. Explore how our students and mentors turn ideas into impact!<\/p>\n<p>[\/et_pb_text][\/et_pb_column][\/et_pb_row][et_pb_row column_structure=&#8221;1_3,1_3,1_3&#8243; make_equal=&#8221;on&#8221; _builder_version=&#8221;4.17.4&#8243; _module_preset=&#8221;default&#8221; global_colors_info=&#8221;{}&#8221; background__hover_enabled=&#8221;off|hover&#8221;][et_pb_column type=&#8221;1_3&#8243; _builder_version=&#8221;4.18.0&#8243; _module_preset=&#8221;default&#8221; background_color=&#8221;#1e1e1e&#8221; custom_padding=&#8221;|30px|30px|30px|false|true&#8221; custom_padding_tablet=&#8221;|30px|30px|30px|false|true&#8221; custom_padding_phone=&#8221;|30px|30px|30px|false|true&#8221; custom_padding_last_edited=&#8221;on|desktop&#8221; global_colors_info=&#8221;{%22gcid-55e89f59-bdfa-4c7c-a24f-b278f03ffe74%22:%91%22background_color%22%93}&#8221;][et_pb_image src=&#8221;https:\/\/educindustrie.com\/wp-content\/uploads\/2025\/02\/ENGINUITY-Program-Booklet-2.png&#8221; title_text=&#8221;ENGINUITY &#8211; Program Booklet&#8221; url=&#8221;https:\/\/educindustrie.com\/project\/enginuity\/&#8221; _builder_version=&#8221;4.27.4&#8243; _module_preset=&#8221;default&#8221; background_color=&#8221;RGBA(255,255,255,0)&#8221; custom_margin=&#8221;|-30px|-15px|-30px|false|true&#8221; hover_enabled=&#8221;0&#8243; filter_saturate_tablet=&#8221;100%&#8221; filter_saturate_phone=&#8221;100%&#8221; filter_saturate_last_edited=&#8221;on|desktop&#8221; global_colors_info=&#8221;{}&#8221; filter_saturate__hover_enabled=&#8221;on|desktop&#8221; filter_saturate__hover=&#8221;100%&#8221; background__hover_enabled=&#8221;on|hover&#8221; background_color__hover=&#8221;RGBA(255,255,255,0)&#8221; background_enable_color__hover=&#8221;on&#8221; sticky_enabled=&#8221;0&#8243;][\/et_pb_image][\/et_pb_column][et_pb_column type=&#8221;1_3&#8243; _builder_version=&#8221;4.18.0&#8243; _module_preset=&#8221;default&#8221; background_color=&#8221;#1e1e1e&#8221; custom_padding=&#8221;|30px|30px|30px|false|true&#8221; custom_padding_tablet=&#8221;|30px|30px|30px|false|true&#8221; custom_padding_phone=&#8221;|30px|30px|30px|false|true&#8221; custom_padding_last_edited=&#8221;on|desktop&#8221; global_colors_info=&#8221;{%22gcid-55e89f59-bdfa-4c7c-a24f-b278f03ffe74%22:%91%22background_color%22%93}&#8221;][et_pb_image src=&#8221;https:\/\/educindustrie.com\/wp-content\/uploads\/2025\/04\/2Minute-Thesis-1.png&#8221; title_text=&#8221;2Minute Thesis (1)&#8221; url=&#8221;https:\/\/educindustrie.com\/project\/2-minute-thesis-competition\/&#8221; _builder_version=&#8221;4.27.4&#8243; _module_preset=&#8221;default&#8221; background_color=&#8221;RGBA(255,255,255,0)&#8221; custom_margin=&#8221;|-30px|-15px|-30px|false|true&#8221; filter_saturate_tablet=&#8221;100%&#8221; filter_saturate_phone=&#8221;100%&#8221; filter_saturate_last_edited=&#8221;on|desktop&#8221; global_colors_info=&#8221;{}&#8221; filter_saturate__hover_enabled=&#8221;on|desktop&#8221; filter_saturate__hover=&#8221;100%&#8221; background__hover_enabled=&#8221;on|hover&#8221; background_color__hover=&#8221;RGBA(255,255,255,0)&#8221; background_enable_color__hover=&#8221;on&#8221;][\/et_pb_image][\/et_pb_column][et_pb_column type=&#8221;1_3&#8243; _builder_version=&#8221;4.18.0&#8243; _module_preset=&#8221;default&#8221; background_color=&#8221;#1e1e1e&#8221; custom_padding=&#8221;|30px|30px|30px|false|true&#8221; custom_padding_tablet=&#8221;|30px|30px|30px|false|true&#8221; custom_padding_phone=&#8221;|30px|30px|30px|false|true&#8221; custom_padding_last_edited=&#8221;on|desktop&#8221; global_colors_info=&#8221;{%22gcid-55e89f59-bdfa-4c7c-a24f-b278f03ffe74%22:%91%22background_color%22%93}&#8221;][et_pb_image src=&#8221;https:\/\/educindustrie.com\/wp-content\/uploads\/2025\/02\/Final-Pitches-Dec-3-and-5-2024.png&#8221; title_text=&#8221;Final-Pitches-Dec-3-and-5-2024&#8243; _builder_version=&#8221;4.27.4&#8243; _module_preset=&#8221;default&#8221; background_color=&#8221;RGBA(255,255,255,0)&#8221; custom_margin=&#8221;|-30px||-30px|false|true&#8221; filter_saturate_tablet=&#8221;100%&#8221; filter_saturate_phone=&#8221;100%&#8221; filter_saturate_last_edited=&#8221;on|desktop&#8221; global_colors_info=&#8221;{}&#8221; filter_saturate__hover_enabled=&#8221;on|desktop&#8221; filter_saturate__hover=&#8221;100%&#8221; background__hover_enabled=&#8221;on|hover&#8221; background_color__hover=&#8221;RGBA(255,255,255,0)&#8221; background_enable_color__hover=&#8221;on&#8221;][\/et_pb_image][\/et_pb_column][\/et_pb_row][et_pb_row column_structure=&#8221;1_3,1_3,1_3&#8243; make_equal=&#8221;on&#8221; _builder_version=&#8221;4.17.4&#8243; _module_preset=&#8221;default&#8221; global_colors_info=&#8221;{}&#8221; background__hover_enabled=&#8221;off|hover&#8221;][et_pb_column type=&#8221;1_3&#8243; _builder_version=&#8221;4.18.0&#8243; _module_preset=&#8221;default&#8221; background_color=&#8221;#1e1e1e&#8221; custom_padding=&#8221;|30px|30px|30px|false|true&#8221; custom_padding_tablet=&#8221;|30px|30px|30px|false|true&#8221; custom_padding_phone=&#8221;|30px|30px|30px|false|true&#8221; custom_padding_last_edited=&#8221;on|desktop&#8221; global_colors_info=&#8221;{%22gcid-55e89f59-bdfa-4c7c-a24f-b278f03ffe74%22:%91%22background_color%22%93}&#8221;][et_pb_image src=&#8221;https:\/\/educindustrie.com\/wp-content\/uploads\/2025\/02\/N-229-November-1st-2023-at-1230PM-0200PM-1.png&#8221; title_text=&#8221;N-229-November-1st-2023-at-1230PM-0200PM-1&#8243; _builder_version=&#8221;4.27.4&#8243; _module_preset=&#8221;default&#8221; background_color=&#8221;RGBA(255,255,255,0)&#8221; custom_margin=&#8221;|-30px||-30px|false|true&#8221; filter_saturate_tablet=&#8221;100%&#8221; filter_saturate_phone=&#8221;100%&#8221; filter_saturate_last_edited=&#8221;on|desktop&#8221; global_colors_info=&#8221;{}&#8221; filter_saturate__hover_enabled=&#8221;on|desktop&#8221; filter_saturate__hover=&#8221;100%&#8221; background__hover_enabled=&#8221;on|hover&#8221; background_color__hover=&#8221;RGBA(255,255,255,0)&#8221; background_enable_color__hover=&#8221;on&#8221;][\/et_pb_image][\/et_pb_column][et_pb_column type=&#8221;1_3&#8243; _builder_version=&#8221;4.18.0&#8243; _module_preset=&#8221;default&#8221; background_color=&#8221;#1e1e1e&#8221; custom_padding=&#8221;|30px|30px|30px|false|true&#8221; custom_padding_tablet=&#8221;|30px|30px|30px|false|true&#8221; custom_padding_phone=&#8221;|30px|30px|30px|false|true&#8221; custom_padding_last_edited=&#8221;on|desktop&#8221; global_colors_info=&#8221;{%22gcid-55e89f59-bdfa-4c7c-a24f-b278f03ffe74%22:%91%22background_color%22%93}&#8221;][\/et_pb_column][et_pb_column type=&#8221;1_3&#8243; _builder_version=&#8221;4.18.0&#8243; _module_preset=&#8221;default&#8221; background_color=&#8221;#1e1e1e&#8221; custom_padding=&#8221;|30px|30px|30px|false|true&#8221; custom_padding_tablet=&#8221;|30px|30px|30px|false|true&#8221; custom_padding_phone=&#8221;|30px|30px|30px|false|true&#8221; custom_padding_last_edited=&#8221;on|desktop&#8221; global_colors_info=&#8221;{%22gcid-55e89f59-bdfa-4c7c-a24f-b278f03ffe74%22:%91%22background_color%22%93}&#8221;][\/et_pb_column][\/et_pb_row][\/et_pb_section]<\/p>","protected":false},"excerpt":{"rendered":"<p>Initiative Educ Industrie Partenariat p\u00e9dagogique: Renforcer les liens. \u00c9duc-Industrie est une initiative qui connecte le monde acad\u00e9mique et le milieu professionnel \u00e0 travers des exp\u00e9riences d&#8217;apprentissage immersives. En int\u00e9grant des [&hellip;]<\/p>","protected":false},"author":1,"featured_media":0,"parent":0,"menu_order":0,"comment_status":"closed","ping_status":"closed","template":"","meta":{"_acf_changed":false,"_et_pb_use_builder":"on","_et_pb_old_content":"","_et_gb_content_width":"","footnotes":""},"class_list":["post-15","page","type-page","status-publish","hentry"],"acf":[],"_links":{"self":[{"href":"https:\/\/educindustrie.com\/fr\/wp-json\/wp\/v2\/pages\/15","targetHints":{"allow":["GET"]}}],"collection":[{"href":"https:\/\/educindustrie.com\/fr\/wp-json\/wp\/v2\/pages"}],"about":[{"href":"https:\/\/educindustrie.com\/fr\/wp-json\/wp\/v2\/types\/page"}],"author":[{"embeddable":true,"href":"https:\/\/educindustrie.com\/fr\/wp-json\/wp\/v2\/users\/1"}],"replies":[{"embeddable":true,"href":"https:\/\/educindustrie.com\/fr\/wp-json\/wp\/v2\/comments?post=15"}],"version-history":[{"count":25,"href":"https:\/\/educindustrie.com\/fr\/wp-json\/wp\/v2\/pages\/15\/revisions"}],"predecessor-version":[{"id":326,"href":"https:\/\/educindustrie.com\/fr\/wp-json\/wp\/v2\/pages\/15\/revisions\/326"}],"wp:attachment":[{"href":"https:\/\/educindustrie.com\/fr\/wp-json\/wp\/v2\/media?parent=15"}],"curies":[{"name":"wp","href":"https:\/\/api.w.org\/{rel}","templated":true}]}}